{"id":98,"date":"2021-11-23T11:00:47","date_gmt":"2021-11-23T10:00:47","guid":{"rendered":"http:\/\/www.ksa-kiel.de\/?page_id=98"},"modified":"2022-06-02T08:21:05","modified_gmt":"2022-06-02T06:21:05","slug":"impressum","status":"publish","type":"page","link":"https:\/\/www.ksa-kiel.de\/index.php\/impressum\/","title":{"rendered":"Impressum"},"content":{"rendered":"<div class=\"wpb-content-wrapper\"><p>[vc_row][vc_column][vc_column_text]Kommunaler Schadenausgleich<br \/>\nSchleswig-Holstein<br \/>\nReventlouallee 6<br \/>\n24105 Kiel<\/p>\n<p>Tel-Nr. (04 31) 57 92 5 &#8211; 0<br \/>\nFax-Nr. (04 31) 57 92 5 &#8211; 30<br \/>\nE-Mail: info@ksa-kiel.de<\/p>\n<p>Gesch\u00e4ftsf\u00fchrer: Frank Husvogt<\/p>\n<p>Steuer-Nr. 19 294 00058<\/p>\n<p>Hinweis:<br \/>\nDer KSA Kiel ist bem\u00fcht, nur richtige und aktuelle Informationen und Daten auf seiner Internetseite zu ver\u00f6ffentlichen. Trotzdem kann eine Garantie bzw. eine Haftung f\u00fcr die Aktualit\u00e4t und Richtigkeit der auf unseren Internetseiten eingestellten Informationen nicht \u00fcbernommen werden. Soweit wir Links zu anderen Seiten im Internet gesetzt haben, gilt, dass wir keinen Einfluss auf die Gestaltung und Inhalte der gelinkten Seiten haben.<\/p>\n<p>Wir behalten uns vor, ohne Ank\u00fcndigung \u00c4nderungen oder Erg\u00e4nzungen der bereitgestellten Informationen \/ Daten vorzunehmen.<\/p>\n<p>Schlie\u00dflich weisen wir noch darauf hin, dass unsere Internetseite urheberrechtlich gesch\u00fctzt ist. Jegliche Verwendung von Texten, Grafiken oder Bildern bedarf der Zustimmung des KSA Kiel.<\/p>\n<p><a href=\"https:\/\/www.ksa-kiel.de\/index.php\/datenchutz\/\">Datenschutzhinweise<\/a> &gt;&gt;[\/vc_column_text][\/vc_column][\/vc_row]<\/p>\n<\/div>","protected":false},"excerpt":{"rendered":"<p>[vc_row][vc_column][vc_column_text]Kommunaler Schadenausgleich Schleswig-Holstein Reventlouallee 6 24105 Kiel Tel-Nr. (04 31) 57 92 5 &#8211; 0 Fax-Nr. (04 31) 57 92 5 &#8211; 30 E-Mail: info@ksa-kiel.de Gesch\u00e4ftsf\u00fchrer: Frank Husvogt Steuer-Nr. 19 294 00058 Hinweis: Der KSA Kiel ist bem\u00fcht, nur richtige und aktuelle Informationen und Daten auf seiner Internetseite zu ver\u00f6ffentlichen. Trotzdem kann eine Garantie bzw. &hellip;<\/p>\n<p class=\"read-more\"> <a class=\"\" href=\"https:\/\/www.ksa-kiel.de\/index.php\/impressum\/\"> <span class=\"screen-reader-text\">Impressum<\/span>Read More &raquo;<\/a><\/p>\n","protected":false},"author":1,"featured_media":0,"parent":0,"menu_order":0,"comment_status":"closed","ping_status":"closed","template":"","meta":{"footnotes":""},"class_list":["post-98","page","type-page","status-publish","hentry"],"pbg_featured_image_src":{"full":false,"thumbnail":false,"medium":false,"medium_large":false,"large":false,"leap-image-100x100":false,"1536x1536":false,"2048x2048":false,"sow-carousel-default":false},"pbg_author_info":{"display_name":"tom220270","author_link":"https:\/\/www.ksa-kiel.de\/index.php\/author\/tom220270\/","author_img":false},"pbg_comment_info":" No Comments","pbg_excerpt":"[vc_row][vc_column][vc_column_text]Kommunaler Schadenausgleich Schleswig-Holstein Reventlouallee 6 24105 Kiel Tel-Nr. (04 31) 57 92 5 &#8211; 0 Fax-Nr. (04 31) 57 92 5 &#8211; 30 E-Mail: info@ksa-kiel.de Gesch\u00e4ftsf\u00fchrer: Frank Husvogt Steuer-Nr. 19 294 00058 Hinweis: Der KSA Kiel ist bem\u00fcht, nur richtige und aktuelle Informationen und Daten auf seiner Internetseite zu ver\u00f6ffentlichen. Trotzdem kann eine Garantie bzw.&hellip;","_links":{"self":[{"href":"https:\/\/www.ksa-kiel.de\/index.php\/wp-json\/wp\/v2\/pages\/98","targetHints":{"allow":["GET"]}}],"collection":[{"href":"https:\/\/www.ksa-kiel.de\/index.php\/wp-json\/wp\/v2\/pages"}],"about":[{"href":"https:\/\/www.ksa-kiel.de\/index.php\/wp-json\/wp\/v2\/types\/page"}],"author":[{"embeddable":true,"href":"https:\/\/www.ksa-kiel.de\/index.php\/wp-json\/wp\/v2\/users\/1"}],"replies":[{"embeddable":true,"href":"https:\/\/www.ksa-kiel.de\/index.php\/wp-json\/wp\/v2\/comments?post=98"}],"version-history":[{"count":3,"href":"https:\/\/www.ksa-kiel.de\/index.php\/wp-json\/wp\/v2\/pages\/98\/revisions"}],"predecessor-version":[{"id":139,"href":"https:\/\/www.ksa-kiel.de\/index.php\/wp-json\/wp\/v2\/pages\/98\/revisions\/139"}],"wp:attachment":[{"href":"https:\/\/www.ksa-kiel.de\/index.php\/wp-json\/wp\/v2\/media?parent=98"}],"curies":[{"name":"wp","href":"https:\/\/api.w.org\/{rel}","templated":true}]}}